{"id":427,"date":"2024-12-22T16:45:00","date_gmt":"2024-12-22T13:45:00","guid":{"rendered":"https:\/\/havaportal.com.tr\/blog\/?page_id=427"},"modified":"2024-12-23T21:50:49","modified_gmt":"2024-12-23T18:50:49","slug":"gizlilik-ilkesi","status":"publish","type":"page","link":"https:\/\/havaportal.com.tr\/blog\/gizlilik-ilkesi\/","title":{"rendered":"Gizlilik Politikas\u0131"},"content":{"rendered":"<div id=\"tdi_1\" class=\"tdc-zone\"><div class=\"tdc_zone tdi_2  wpb_row td-pb-row\"  >\n<style scoped>\n\/* custom css - generated by TagDiv Composer *\/\n\n\/* custom css - generated by TagDiv Composer *\/\n.tdi_2{\r\n                    min-height: 0;\r\n                }\n<\/style><div id=\"tdi_3\" class=\"tdc-row\"><div class=\"vc_row tdi_4  wpb_row td-pb-row\" >\n<style scoped>\n\/* custom css - generated by TagDiv Composer *\/\n\n\/* custom css - generated by TagDiv Composer *\/\n.tdi_4,\r\n                .tdi_4 .tdc-columns{\r\n                    min-height: 0;\r\n                }.tdi_4,\r\n\t\t\t\t.tdi_4 .tdc-columns{\r\n\t\t\t\t    display: block;\r\n\t\t\t\t}.tdi_4 .tdc-columns{\r\n\t\t\t\t    width: 100%;\r\n\t\t\t\t}.tdi_4:before,\r\n\t\t\t\t.tdi_4:after{\r\n\t\t\t\t    display: table;\r\n\t\t\t\t}\n<\/style><div class=\"vc_column tdi_6  wpb_column vc_column_container tdc-column td-pb-span12\">\n<style scoped>\n\/* custom css - generated by TagDiv Composer *\/\n\n\/* custom css - generated by TagDiv Composer *\/\n.tdi_6{\r\n                    vertical-align: baseline;\r\n                }.tdi_6 > .wpb_wrapper,\r\n\t\t\t\t.tdi_6 > .wpb_wrapper > .tdc-elements{\r\n\t\t\t\t    display: block;\r\n\t\t\t\t}.tdi_6 > .wpb_wrapper > .tdc-elements{\r\n\t\t\t\t    width: 100%;\r\n\t\t\t\t}.tdi_6 > .wpb_wrapper > .vc_row_inner{\r\n\t\t\t\t    width: auto;\r\n\t\t\t\t}.tdi_6 > .wpb_wrapper{\r\n\t\t\t\t    width: auto;\r\n\t\t\t\t    height: auto;\r\n\t\t\t\t}\n<\/style><div class=\"wpb_wrapper\" ><div class=\"td_block_wrap td_block_text_with_title tdi_7 tagdiv-type td-pb-border-top td_block_template_1\"  data-td-block-uid=\"tdi_7\" >\n<style>\n\/* custom css - generated by TagDiv Composer *\/\n.td_block_text_with_title{\r\n                  margin-bottom: 44px;\r\n                  -webkit-transform: translateZ(0);\r\n                  transform: translateZ(0);\r\n                }.td_block_text_with_title p:last-child{\r\n                  margin-bottom: 0;\r\n                }.tdi_7{\r\n\t\t\t        color: #5e5e5e;\r\n\t\t        }.tdi_7 h1,\r\n\t\t\t\t.tdi_7 h2,\r\n\t\t\t\t.tdi_7 h3,\r\n\t\t\t\t.tdi_7 h4,\r\n\t\t\t\t.tdi_7 h5,\r\n\t\t\t\t.tdi_7 h6{\r\n\t\t\t        color: #9e9e9e;\r\n\t\t        }\n<\/style><div class=\"td-block-title-wrap\"><\/div><div class=\"td_mod_wrap td-fix-index\"><h3><strong>Gizlilik Politikas\u0131<\/strong><\/h3>\n<p>Havaportal.com.tr (HavaPortal, Hava Games olarak da an\u0131labilir) olarak, gizlili\u011finizin korunmas\u0131na b\u00fcy\u00fck \u00f6nem veriyoruz. Bu Gizlilik Politikas\u0131, sitemizi ziyaret etti\u011finizde hangi bilgileri toplad\u0131\u011f\u0131m\u0131z\u0131, bu bilgileri nas\u0131l kulland\u0131\u011f\u0131m\u0131z\u0131 ve korudu\u011fumuzu a\u00e7\u0131klamaktad\u0131r. Sitemizi kullanarak bu Gizlilik Politikas\u0131&#8217;n\u0131 kabul etmi\u015f say\u0131l\u0131rs\u0131n\u0131z.<\/p>\n<hr \/>\n<h3><strong>Biz Kimiz<\/strong><\/h3>\n<p>Sitemizin adresi: <a href=\"https:\/\/havaportal.com.tr\/blog\/\">https:\/\/havaportal.com.tr\/<\/a>. Bu site, ziyaret\u00e7ilerimizin bilgi edinmesini ve kat\u0131l\u0131m g\u00f6stermesini te\u015fvik etmek amac\u0131yla haz\u0131rlanm\u0131\u015ft\u0131r.<\/p>\n<hr \/>\n<h3><strong>Toplanan Bilgiler ve Kullan\u0131m\u0131<\/strong><\/h3>\n<h4><strong>Yorumlar<\/strong><\/h4>\n<p>Ziyaret\u00e7iler sitemizde yorum yapt\u0131\u011f\u0131nda, yorum formunda sa\u011flanan bilgilerle birlikte, istenmeyen yorumlar\u0131n tespitine yard\u0131mc\u0131 olmas\u0131 i\u00e7in ziyaret\u00e7inin IP adresi ve taray\u0131c\u0131 bilgileri toplan\u0131r. Gravatar hizmetine, e-posta adresinizden anonimle\u015ftirilmi\u015f bir karma (hash) g\u00f6nderilebilir. Gravatar\u2019\u0131n gizlilik politikas\u0131n\u0131 buradan inceleyebilirsiniz: <a href=\"https:\/\/automattic.com\/privacy\/\" target=\"_new\" rel=\"noopener\">https:\/\/automattic.com\/privacy\/<\/a>. Yorumunuz onayland\u0131ktan sonra, profil g\u00f6rseliniz yorumunuzla birlikte herkese a\u00e7\u0131k olarak g\u00f6r\u00fcnt\u00fclenir.<\/p>\n<h4><strong>Ortamlar<\/strong><\/h4>\n<p>Sitemize g\u00f6rsel y\u00fckl\u00fcyorsan\u0131z, g\u00f6m\u00fcl\u00fc konum verileri (EXIF GPS) i\u00e7eren g\u00f6rseller y\u00fcklememelisiniz. Ziyaret\u00e7iler, bu g\u00f6rselleri indirip i\u00e7lerindeki konum bilgilerini g\u00f6r\u00fcnt\u00fcleyebilir.<\/p>\n<h4><strong>\u0130leti\u015fim Formu<br \/>\n<\/strong><\/h4>\n<p>\u0130leti\u015fim formunu doldurdu\u011funuzda, ad\u0131n\u0131z, e-posta adresiniz, konu ve g\u00f6nderdi\u011finiz mesaj \u00e7erezlere kaydedilebilir.<\/p>\n<h4><strong>\u00c7erezler<\/strong><\/h4>\n<p>Sitemizi kulland\u0131\u011f\u0131n\u0131zda, a\u015fa\u011f\u0131daki \u00e7erezler kullan\u0131labilir:<\/p>\n<ul>\n<li><strong>Yorum \u00c7erezleri<\/strong>: Bir yorum yapt\u0131\u011f\u0131n\u0131zda, ad\u0131n\u0131z, kullan\u0131c\u0131 ad\u0131n\u0131z, e-posta adresiniz ve site adresiniz \u00e7erezlere kaydedilebilir. Bu \u00e7erezler bir y\u0131l boyunca saklan\u0131r.<\/li>\n<li><strong>Oturum \u00c7erezleri<\/strong>: Oturum a\u00e7ma bilgilerinizi ve ekran tercihlerinizi kaydeder. Oturum \u00e7erezleri iki g\u00fcn, ekran tercihleri \u00e7erezleri ise bir y\u0131l boyunca saklan\u0131r. \u201cBeni hat\u0131rla\u201d se\u00e7ene\u011fi se\u00e7ilirse oturum iki hafta boyunca etkin kal\u0131r.<\/li>\n<\/ul>\n<p><a href=\"https:\/\/havaportal.com.tr\/yardim\/cerezler\/\">Bu sayfada<\/a> belirledi\u011fimiz \u00e7erezler hakk\u0131nda daha detayl\u0131 bilgiye ula\u015fabilirsiniz.<\/p>\n<h4><strong>Reklam ve Analiz \u00c7erezleri<\/strong><\/h4>\n<p>Sitemizde reklamlar bulunmakta ve reklamlar\u0131n performans\u0131n\u0131 \u00f6l\u00e7mek i\u00e7in \u00e7erezler kullan\u0131lmaktad\u0131r. \u00dc\u00e7\u00fcnc\u00fc taraf reklam sa\u011flay\u0131c\u0131lar\u0131, ilgi alanlar\u0131n\u0131za uygun reklamlar g\u00f6stermek i\u00e7in taray\u0131c\u0131 \u00e7erezleri kullanabilir.<\/p>\n<hr \/>\n<h3><strong>\u00dc\u00e7\u00fcnc\u00fc Taraf \u0130\u00e7erik ve Ba\u011flant\u0131lar<\/strong><\/h3>\n<p>Sitemiz, \u00fc\u00e7\u00fcnc\u00fc taraflara ait i\u00e7erikler (videolar, g\u00f6rseller, yaz\u0131lar gibi) bar\u0131nd\u0131rabilir. Bu i\u00e7erikler, kaynak sitedeki kullan\u0131c\u0131 davran\u0131\u015f\u0131yla ayn\u0131 \u015fekilde veri toplayabilir. Ayr\u0131ca, \u00fc\u00e7\u00fcnc\u00fc taraf ba\u011flant\u0131lar arac\u0131l\u0131\u011f\u0131yla ba\u015fka sitelere y\u00f6nlendirebilirsiniz. Bu sitelerin gizlilik politikalar\u0131ndan biz sorumlu de\u011filiz; bu nedenle ba\u011flant\u0131lar\u0131 ziyaret etti\u011finizde gizlilik politikalar\u0131n\u0131 kontrol etmenizi \u00f6neririz.<\/p>\n<hr \/>\n<h3><strong>Verilerinizi Kimlerle Payla\u015f\u0131yoruz<\/strong><\/h3>\n<p>Havaportal.com.tr, kullan\u0131c\u0131 verilerini \u00fc\u00e7\u00fcnc\u00fc taraflarla payla\u015fmaz. Ancak a\u015fa\u011f\u0131daki durumlarda yasal gereklilikler do\u011frultusunda bilgiler payla\u015f\u0131labilir:<\/p>\n<ol>\n<li>Hukuki bir zorunluluk oldu\u011funda,<\/li>\n<li>Yetkili adli ve idari makamlar\u0131n talebi \u00fczerine,<\/li>\n<li>Kullan\u0131c\u0131 haklar\u0131n\u0131 ve g\u00fcvenli\u011fini koruma ama\u00e7l\u0131 durumlarda.<\/li>\n<\/ol>\n<hr \/>\n<h3><strong>Verilerinizi Ne S\u00fcreyle Sakl\u0131yoruz<\/strong><\/h3>\n<ul>\n<li><strong>Yorumlar<\/strong>: Yap\u0131lan yorumlar ve bunlar\u0131n \u00fcst verileri s\u00fcresiz olarak saklan\u0131r. B\u00f6ylece gelecekteki yorumlar otomatik olarak tan\u0131n\u0131r ve onaylan\u0131r.<\/li>\n<li><strong>Kullan\u0131c\u0131 Hesaplar\u0131<\/strong>: Kay\u0131tl\u0131 kullan\u0131c\u0131lar\u0131n profillerindeki bilgiler, kullan\u0131c\u0131 taraf\u0131ndan silinene kadar saklan\u0131r.<\/li>\n<\/ul>\n<hr \/>\n<h3><strong>Verileriniz \u00dczerindeki Haklar\u0131n\u0131z<\/strong><\/h3>\n<p>Sitemizde bir hesab\u0131n\u0131z veya yorumlar\u0131n\u0131z varsa, hakk\u0131n\u0131zda tuttu\u011fumuz verilerin bir kopyas\u0131n\u0131 talep edebilir veya bu verilerin silinmesini isteyebilirsiniz. Ancak, yasal d\u00fczenlemeler nedeniyle saklanmas\u0131 gereken veriler bu kapsamda de\u011fildir.<\/p>\n<hr \/>\n<h3><strong>Verilerinizin G\u00f6nderildi\u011fi Yer<\/strong><\/h3>\n<p>Ziyaret\u00e7i yorumlar\u0131, otomatik olarak istenmeyen yorum alg\u0131lama hizmetleri taraf\u0131ndan kontrol edilebilir. Reklam ve analiz hizmetlerinde kullan\u0131lan veriler anonimle\u015ftirilmi\u015f olarak payla\u015f\u0131labilir.<\/p>\n<hr \/>\n<h3><strong>Gizlilik Politikas\u0131nda De\u011fi\u015fiklikler<\/strong><\/h3>\n<p>Havaportal.com.tr, bu Gizlilik Politikas\u0131\u2019n\u0131 zaman zaman g\u00fcncelleyebilir. Yap\u0131lan de\u011fi\u015fiklikler, bu sayfada yay\u0131mland\u0131\u011f\u0131 tarihten itibaren ge\u00e7erli olur. Kullan\u0131c\u0131lar\u0131m\u0131z\u0131n bu sayfay\u0131 periyodik olarak kontrol etmelerini \u00f6neririz.<\/p>\n<hr \/>\n<h3><strong>\u0130leti\u015fim<\/strong><\/h3>\n<p>Gizlilik politikam\u0131zla ilgili sorular\u0131n\u0131z i\u00e7in bizimle <a rel=\"noopener\">iletisim@havaportal.com.tr<\/a> adresinden ileti\u015fime ge\u00e7ebilirsiniz.<\/p>\n<\/div><\/div><\/div><\/div><\/div><\/div><\/div><\/div>","protected":false},"excerpt":{"rendered":"","protected":false},"author":1,"featured_media":0,"parent":0,"menu_order":0,"comment_status":"closed","ping_status":"closed","template":"","meta":{"tdm_status":"","tdm_grid_status":"","footnotes":""},"class_list":["post-427","page","type-page","status-publish"],"amp_enabled":true,"_links":{"self":[{"href":"https:\/\/havaportal.com.tr\/blog\/wp-json\/wp\/v2\/pages\/427","targetHints":{"allow":["GET"]}}],"collection":[{"href":"https:\/\/havaportal.com.tr\/blog\/wp-json\/wp\/v2\/pages"}],"about":[{"href":"https:\/\/havaportal.com.tr\/blog\/wp-json\/wp\/v2\/types\/page"}],"author":[{"embeddable":true,"href":"https:\/\/havaportal.com.tr\/blog\/wp-json\/wp\/v2\/users\/1"}],"replies":[{"embeddable":true,"href":"https:\/\/havaportal.com.tr\/blog\/wp-json\/wp\/v2\/comments?post=427"}],"version-history":[{"count":0,"href":"https:\/\/havaportal.com.tr\/blog\/wp-json\/wp\/v2\/pages\/427\/revisions"}],"wp:attachment":[{"href":"https:\/\/havaportal.com.tr\/blog\/wp-json\/wp\/v2\/media?parent=427"}],"curies":[{"name":"wp","href":"https:\/\/api.w.org\/{rel}","templated":true}]}}